{"id":41,"date":"2024-02-02T20:35:16","date_gmt":"2024-02-02T19:35:16","guid":{"rendered":"https:\/\/melina.ch\/wp\/?page_id=41"},"modified":"2025-05-06T06:14:50","modified_gmt":"2025-05-06T04:14:50","slug":"ueber-uns","status":"publish","type":"page","link":"https:\/\/melina.ch\/wp\/ueber-uns\/","title":{"rendered":"\u00dcber uns"},"content":{"rendered":"\n<h3 class=\"wp-block-heading has-text-align-center\">Unsere Geschichte<\/h3>\n\n\n\n<p>Die Feuerwehr M\u00f6hlin ist f\u00fcr die Gemeinden M\u00f6hlin und Zeiningen zust\u00e4ndig. Am 01.01.2009 haben die Gemeinden die lokalen Feuerwehren zusammengelegt und diese treten nun gemeinsam als Feuerwehr M\u00f6hlin auf. <\/p>\n\n\n\n<p>Wir sind f\u00fcr den Schutz von rund 13&#8217;000 Einwohner beider Gemeinden auf einer Fl\u00e4che von 3016 Hektar zust\u00e4ndig.<\/p>\n\n\n\n<h3 class=\"wp-block-heading has-text-align-center\">Unsere Magazine<\/h3>\n\n\n\n<div class=\"wp-block-columns is-layout-flex wp-container-core-columns-is-layout-28f84493 wp-block-columns-is-layout-flex\">\n<div class=\"wp-block-column is-layout-flow wp-block-column-is-layout-flow\">\n<p>Magazin M\u00f6hlin, Werkhofstrasse 2, 4313<\/p>\n\n\n\n<iframe src=\"https:\/\/www.google.com\/maps\/embed\/v1\/place?key=AIzaSyBpiGf-qNlzyMrRhEbxO8mZG5QvHYHvd2c&#038;q=Werkhofstrasse+1,+4313+M\u00f6hlin&#038;zoom=14&#038;maptype=satellite\" width=\" 345.6\" height=\"194.4\" loading=\"lazy\"><\/iframe>\n<\/div>\n\n\n\n<div class=\"wp-block-column is-layout-flow wp-block-column-is-layout-flow\">\n<p>Magazin Zeiningen, Kirchweg 26, 4314<\/p>\n\n\n\n<iframe src=\"https:\/\/www.google.com\/maps\/embed\/v1\/place?key=AIzaSyBpiGf-qNlzyMrRhEbxO8mZG5QvHYHvd2c&#038;q=Kirchweg+26,+4314+Zeiningen&#038;zoom=14&#038;maptype=satellite\" width=\"345.6\" height=\"194.4\" loading=\"lazy\"><\/iframe>\n<\/div>\n<\/div>\n\n\n\n<h3 class=\"wp-block-heading has-text-align-center\">Unser Material<\/h3>\n\n\n\n<p>Wir besitzen sieben Fahrzeuge mit einem Gesamtgewicht von <strong>\u00fcber <\/strong>3.5 Tonnen, drei Fahrzeuge mit einem Gesamtgewicht <strong>unter<\/strong> 3.5 Tonnen, drei verschiedene Abrollcontainer und mehrere Anh\u00e4nger.<\/p>\n\n\n\n<h3 class=\"wp-block-heading has-text-align-center\">Die Mannschaft<\/h3>\n\n\n\n<p>Unsere Mannschaft ist auf die folgenden Z\u00fcge und Abteilungen aufgeteilt. Der Bestand an AdF der Abteilungen kommt jeweils aus den Z\u00fcgen.<\/p>\n\n\n\n<div class=\"wp-block-columns is-layout-flex wp-container-core-columns-is-layout-28f84493 wp-block-columns-is-layout-flex\">\n<div class=\"wp-block-column is-layout-flow wp-block-column-is-layout-flow\">\n<h4 class=\"wp-block-heading\">Z\u00fcge<\/h4>\n\n\n\n<ul class=\"wp-block-list\">\n<li>Zug Stocker, 53 AdF<\/li>\n\n\n\n<li>Zug Delz, 54 AdF<\/li>\n\n\n\n<li>Verkehrszug Siegenthaler, 9 AdF<\/li>\n\n\n\n<li>Sanit\u00e4tszug Peter, 4 AdF + 8 AdF aus der Mannschaft<\/li>\n<\/ul>\n<\/div>\n\n\n\n<div class=\"wp-block-column is-layout-flow wp-block-column-is-layout-flow\">\n<h4 class=\"wp-block-heading\">Abteilungen<\/h4>\n\n\n\n<ul class=\"wp-block-list\">\n<li>Atemschutz, 44 AdF<\/li>\n\n\n\n<li>Maschinisten, 55 AdF<\/li>\n\n\n\n<li>Absturzsicherungsgruppe, 10 AdF<\/li>\n\n\n\n<li>Elektriker, 7 AdF<\/li>\n<\/ul>\n<\/div>\n<\/div>\n\n\n\n<div style=\"height:100px\" aria-hidden=\"true\" class=\"wp-block-spacer\"><\/div>\n\n\n\n<p><\/p>\n","protected":false},"excerpt":{"rendered":"<p>Unsere Geschichte Die Feuerwehr M\u00f6hlin ist f\u00fcr die Gemeinden M\u00f6hlin und Zeiningen zust\u00e4ndig. Am 01.01.2009 haben die Gemeinden die lokalen Feuerwehren zusammengelegt und diese treten nun gemeinsam als Feuerwehr M\u00f6hlin auf. Wir sind f\u00fcr den Schutz von rund 13&#8217;000 Einwohner beider Gemeinden auf einer Fl\u00e4che von 3016 Hektar zust\u00e4ndig. Unsere Magazine Magazin M\u00f6hlin, Werkhofstrasse 2, [&hellip;]<\/p>\n","protected":false},"author":3,"featured_media":0,"parent":0,"menu_order":0,"comment_status":"closed","ping_status":"closed","template":"","meta":{"footnotes":""},"class_list":["post-41","page","type-page","status-publish","hentry"],"_links":{"self":[{"href":"https:\/\/melina.ch\/wp\/wp-json\/wp\/v2\/pages\/41","targetHints":{"allow":["GET"]}}],"collection":[{"href":"https:\/\/melina.ch\/wp\/wp-json\/wp\/v2\/pages"}],"about":[{"href":"https:\/\/melina.ch\/wp\/wp-json\/wp\/v2\/types\/page"}],"author":[{"embeddable":true,"href":"https:\/\/melina.ch\/wp\/wp-json\/wp\/v2\/users\/3"}],"replies":[{"embeddable":true,"href":"https:\/\/melina.ch\/wp\/wp-json\/wp\/v2\/comments?post=41"}],"version-history":[{"count":15,"href":"https:\/\/melina.ch\/wp\/wp-json\/wp\/v2\/pages\/41\/revisions"}],"predecessor-version":[{"id":1253,"href":"https:\/\/melina.ch\/wp\/wp-json\/wp\/v2\/pages\/41\/revisions\/1253"}],"wp:attachment":[{"href":"https:\/\/melina.ch\/wp\/wp-json\/wp\/v2\/media?parent=41"}],"curies":[{"name":"wp","href":"https:\/\/api.w.org\/{rel}","templated":true}]}}